{"id":15,"date":"2015-08-25T02:59:47","date_gmt":"2015-08-25T02:59:47","guid":{"rendered":"http:\/\/www.billets-avion-pas-cher.com\/?page_id=15"},"modified":"2015-08-25T02:59:47","modified_gmt":"2015-08-25T02:59:47","slug":"accueil","status":"publish","type":"page","link":"https:\/\/www.billets-avion-pas-cher.com\/?page_id=15","title":{"rendered":"Accueil"},"content":{"rendered":"<p>Nous avons pris le temps de circuler sur Billets-avion-pas-cher afin de trouver les meilleures offres sur des tickets pour nos prochaines vacances. M\u00eame si nous avions pour habitude de passer par le m\u00eame site avec comparateur de prix pour les fois pr\u00e9c\u00e9dentes, nous avons d\u00e9cid\u00e9 cette fois-ci de tester les m\u00eames recherches via ce nouveau site<\/p>\n<p><strong>Premier constat\u00a0: Des vols qui n\u2019\u00e9taient pas indiqu\u00e9s dans notre ancien site de comparaison apparaissent bien sur Billets-avion-pas-cher\u00a0<\/strong>! Apr\u00e8s nous \u00eatre renseign\u00e9s aupr\u00e8s d\u2019un ami qui travaille dans le domaine, il nous indique qu\u2019il existe de nombreux sites pourtant sp\u00e9cialis\u00e9s dans la comparaison de prix pour vos tickets d\u2019avion, mais que certains sont aussi en fait en partenariat avec des agences de voyages ou m\u00eame des compagnies a\u00e9riennes. Ce faisant, ils parviennent \u00e0 promouvoir certaines lignes plut\u00f4t que d\u2019autres dont elles ne parleront jamais. Avec Billets-avion-pas-cher, nous avons pu nous dire que les prix des tickets qui vous sont affich\u00e9s sont vraiment les plus fiables du moment et qui correspondent le plus \u00e0 la tendance du march\u00e9 tout en couvrant toutes les possibilit\u00e9s existantes<\/p>\n<p><strong>Deuxi\u00e8me constat\u00a0: La r\u00e9activit\u00e9 avec laquelle les r\u00e9sultats de nos recherches nous sont affich\u00e9s<\/strong>\u00a0! Qui n\u2019a jamais vu son \u00e9cran progressivement disparaitre derri\u00e8re les fen\u00eatres intempestives d\u2019offres partenaires, publicitaires ou autres qui se chevauchent, vous faisant presque perdre de vue ce pour quoi vous \u00e9tiez derri\u00e8re votre \u00e9cran et ralentissant notre connexion. Encore une fois, nous finissons par nous dire que tout cela est fait intentionnellement et sur fond d\u2019accord commercial\u00a0! Nous voulions un site qui nous servirait avant tout et nous pouvons dire que Billets-avion-pas-cher s\u2019est distingu\u00e9 en respectant nos attentes. Nous avions rapidement acc\u00e8s aux r\u00e9sultats de nos recherches et n\u2019avons pas \u00e9t\u00e9 incommod\u00e9s excessivement par les pop-up publicitaires. Cela rendait aussi la navigation plus agr\u00e9able et plus rapide\u00a0!<\/p>\n<p><strong>\u00a0<a href=\"http:\/\/www.billets-avion-pas-cher.com\/wp-content\/uploads\/2015\/08\/2744390812_c6e2aa449b_o.jpg\"><img loading=\"lazy\" decoding=\"async\" class=\"alignnone size-full wp-image-16\" src=\"http:\/\/www.billets-avion-pas-cher.com\/wp-content\/uploads\/2015\/08\/2744390812_c6e2aa449b_o.jpg\" alt=\"2744390812_c6e2aa449b_o\" width=\"900\" height=\"675\" srcset=\"https:\/\/www.billets-avion-pas-cher.com\/wp-content\/uploads\/2015\/08\/2744390812_c6e2aa449b_o.jpg 900w, https:\/\/www.billets-avion-pas-cher.com\/wp-content\/uploads\/2015\/08\/2744390812_c6e2aa449b_o-300x225.jpg 300w, https:\/\/www.billets-avion-pas-cher.com\/wp-content\/uploads\/2015\/08\/2744390812_c6e2aa449b_o-730x548.jpg 730w\" sizes=\"auto, (max-width: 900px) 100vw, 900px\" \/><\/a><\/strong><\/p>\n<p><strong>Troisi\u00e8me constat\u00a0: L\u2019ergonomie avec laquelle le site a \u00e9t\u00e9 pens\u00e9 et toutes les options mises \u00e0 disposition pour trouver le ticket id\u00e9al\u00a0<\/strong>! Le site Billets-avion-pas-cher est con\u00e7u de mani\u00e8re optimale et sa structure ou plut\u00f4t son ergonomie refl\u00e8te celle d\u2019un site qui a \u00e9t\u00e9 pens\u00e9 selon l\u2019approche habituelle d\u2019internautes. Nous avons constat\u00e9 que nous pouvions tr\u00e8s facilement acc\u00e9der aux rubriques que nous cherchions de mani\u00e8re intuitive sans avoir besoin de guide particulier. Cette configuration est tr\u00e8s agr\u00e9able, car nous d\u00e9testons perdre trop de temps \u00e0 planifier nos vacances. L\u2019affichage est clair, direct et tout est fait dans la transparence sans que nous ne constations que le prix initial des tickets se voit doubl\u00e9 par des frais fant\u00f4mes qui se rajouteraient au fur et \u00e0 mesure que nous avancerons dans les diverses \u00e9tapes avant de proc\u00e9der \u00e0 l\u2019achat d\u00e9finitif. Il n\u2019y a rien de plus \u00e9nervant que cela et nous sommes ravis de constater que ce site nous a permis de trouver nos tickets en moiti\u00e9 moins de temps que les autres sites du m\u00eame type.<\/p>\n<p>Nous attendons maintenant le moment <a href=\"http:\/\/www.billets-avion-pas-cher.com\/?p=1\">de prendre l\u2019avion<\/a> et nous envoler pour nos prochaines vacances, mais ce qui est s\u00fbr c\u2019est que nous n\u2019h\u00e9siterons pas \u00e0 repasser par Billets-avion-pas-cher pour trouver les meilleures offres pour nos prochaines vacances (eh oui on peut d\u00e9j\u00e0 commencer \u00e0 pr\u00e9parer celles \u00e0 venir\u00a0!). Nous le recommandons vivement et pour les moins convaincus, testez pour voir\u00a0! \u00c7a ne coute rien\u00a0!<\/p>\n<p>&nbsp;<\/p>\n","protected":false},"excerpt":{"rendered":"<p>Nous avons pris le temps de circuler sur Billets-avion-pas-cher afin de trouver les meilleures offres sur des tickets pour nos prochaines vacances. M\u00eame si nous avions pour habitude de passer par le m\u00eame site avec comparateur de prix pour les fois pr\u00e9c\u00e9dentes, nous avons d\u00e9cid\u00e9 cette fois-ci de tester les m\u00eames recherches via ce nouveau [&hellip;]<\/p>\n","protected":false},"author":1,"featured_media":0,"parent":0,"menu_order":0,"comment_status":"closed","ping_status":"closed","template":"","meta":{"footnotes":""},"class_list":["post-15","page","type-page","status-publish","hentry"],"_links":{"self":[{"href":"https:\/\/www.billets-avion-pas-cher.com\/index.php?rest_route=\/wp\/v2\/pages\/15","targetHints":{"allow":["GET"]}}],"collection":[{"href":"https:\/\/www.billets-avion-pas-cher.com\/index.php?rest_route=\/wp\/v2\/pages"}],"about":[{"href":"https:\/\/www.billets-avion-pas-cher.com\/index.php?rest_route=\/wp\/v2\/types\/page"}],"author":[{"embeddable":true,"href":"https:\/\/www.billets-avion-pas-cher.com\/index.php?rest_route=\/wp\/v2\/users\/1"}],"replies":[{"embeddable":true,"href":"https:\/\/www.billets-avion-pas-cher.com\/index.php?rest_route=%2Fwp%2Fv2%2Fcomments&post=15"}],"version-history":[{"count":1,"href":"https:\/\/www.billets-avion-pas-cher.com\/index.php?rest_route=\/wp\/v2\/pages\/15\/revisions"}],"predecessor-version":[{"id":17,"href":"https:\/\/www.billets-avion-pas-cher.com\/index.php?rest_route=\/wp\/v2\/pages\/15\/revisions\/17"}],"wp:attachment":[{"href":"https:\/\/www.billets-avion-pas-cher.com\/index.php?rest_route=%2Fwp%2Fv2%2Fmedia&parent=15"}],"curies":[{"name":"wp","href":"https:\/\/api.w.org\/{rel}","templated":true}]}}